{"id":10,"date":"2025-11-27T23:48:03","date_gmt":"2025-11-27T23:48:03","guid":{"rendered":"https:\/\/celikcini.com\/?page_id=10"},"modified":"2025-11-28T00:35:57","modified_gmt":"2025-11-28T00:35:57","slug":"hakkimizda","status":"publish","type":"page","link":"https:\/\/celikcini.com\/index.php\/hakkimizda\/","title":{"rendered":"Hakk\u0131m\u0131zda"},"content":{"rendered":"\t\t<div data-elementor-type=\"wp-page\" data-elementor-id=\"10\" class=\"elementor elementor-10\">\n\t\t\t\t<div class=\"elementor-element elementor-element-81be8e4 e-flex e-con-boxed e-con e-parent\" data-id=\"81be8e4\" data-element_type=\"container\" data-e-type=\"container\">\n\t\t\t\t\t<div class=\"e-con-inner\">\n\t\t\t\t<div class=\"elementor-element elementor-element-34516eb elementor-widget elementor-widget-image\" data-id=\"34516eb\" data-element_type=\"widget\" data-e-type=\"widget\" data-widget_type=\"image.default\">\n\t\t\t\t\t\t\t\t\t\t\t\t\t\t\t<img fetchpriority=\"high\" decoding=\"async\" width=\"800\" height=\"406\" src=\"https:\/\/celikcini.com\/wp-content\/uploads\/2025\/11\/hakkimizda_top_image-1-1024x520-1.webp\" class=\"attachment-large size-large wp-image-58\" alt=\"\" srcset=\"https:\/\/celikcini.com\/wp-content\/uploads\/2025\/11\/hakkimizda_top_image-1-1024x520-1.webp 1024w, https:\/\/celikcini.com\/wp-content\/uploads\/2025\/11\/hakkimizda_top_image-1-1024x520-1-300x152.webp 300w, https:\/\/celikcini.com\/wp-content\/uploads\/2025\/11\/hakkimizda_top_image-1-1024x520-1-768x390.webp 768w\" sizes=\"(max-width: 800px) 100vw, 800px\" \/>\t\t\t\t\t\t\t\t\t\t\t\t\t\t\t<\/div>\n\t\t\t\t\t<\/div>\n\t\t\t\t<\/div>\n\t\t<div class=\"elementor-element elementor-element-7b8db65 e-flex e-con-boxed e-con e-parent\" data-id=\"7b8db65\" data-element_type=\"container\" data-e-type=\"container\">\n\t\t\t\t\t<div class=\"e-con-inner\">\n\t\t\t\t<div class=\"elementor-element elementor-element-2ba06dc elementor-widget elementor-widget-heading\" data-id=\"2ba06dc\" data-element_type=\"widget\" data-e-type=\"widget\" data-widget_type=\"heading.default\">\n\t\t\t\t\t<h2 class=\"elementor-heading-title elementor-size-default\">B\u0130Z K\u0130M\u0130Z ?<\/h2>\t\t\t\t<\/div>\n\t\t\t\t<div class=\"elementor-element elementor-element-e543408 elementor-widget elementor-widget-text-editor\" data-id=\"e543408\" data-element_type=\"widget\" data-e-type=\"widget\" data-widget_type=\"text-editor.default\">\n\t\t\t\t\t\t\t\t\t<p>1960 y\u0131l\u0131ndan bu g\u00fcne kadar kaliteden taviz vermeden m\u00fc\u015fterilerimize hizmet vermekteyiz. M\u00fcessesemizin yapt\u0131\u011f\u0131 son yeniliklerle imal etti\u011fi; <strong>SUN\u0130 MERMER KAROLARI<\/strong>, hizmetinize sunulmu\u015f olup, kalite ve \u00e7e\u015fit itibar\u0131 ile \u00fcst\u00fcn vas\u0131flar ta\u015f\u0131maktad\u0131r. Bu hizmetlerle birlikte, in\u015faatlar\u0131n\u0131z\u0131n t\u00fcm kaba malzeme ihtiya\u00e7lar\u0131n\u0131, ana bayiliklerimiz ve kendi imalatlar\u0131m\u0131z sayesinde, istenilen zamanda ve en uygun fiyatlarla in\u015faat\u0131n\u0131za teslim etmekteyiz\u2026<em><strong> \u201cSiz de\u011ferli m\u00fc\u015fterilerimizin memnuniyeti bizim en b\u00fcy\u00fck kazanc\u0131m\u0131zd\u0131r\u2026\u201d<\/strong><\/em><\/p>\t\t\t\t\t\t\t\t<\/div>\n\t\t\t\t\t<\/div>\n\t\t\t\t<\/div>\n\t\t<div class=\"elementor-element elementor-element-b5c7283 e-flex e-con-boxed e-con e-parent\" data-id=\"b5c7283\" data-element_type=\"container\" data-e-type=\"container\">\n\t\t\t\t\t<div class=\"e-con-inner\">\n\t\t\t\t<div class=\"elementor-element elementor-element-aba7567 elementor-widget elementor-widget-heading\" data-id=\"aba7567\" data-element_type=\"widget\" data-e-type=\"widget\" data-widget_type=\"heading.default\">\n\t\t\t\t\t<h2 class=\"elementor-heading-title elementor-size-default\">NEDEN \u00c7EL\u0130K \u00c7\u0130N\u0130?<\/h2>\t\t\t\t<\/div>\n\t\t\t\t<div class=\"elementor-element elementor-element-d4ab52f elementor-widget elementor-widget-text-editor\" data-id=\"d4ab52f\" data-element_type=\"widget\" data-e-type=\"widget\" data-widget_type=\"text-editor.default\">\n\t\t\t\t\t\t\t\t\t<p>Kurulu\u015fundan bu g\u00fcne kadar kalitesinden taviz vermeyen \u00c7elik \u00c7ini, kendi b\u00fcnyesinde 30 dan fazla model \u00fcretimi yapmaktad\u0131r. G\u00fcn\u00fcn modas\u0131na uygun modern tasar\u0131mlar \u00fcretmektedir.En sevdi\u011finiz toothbrush \u00fccretsiz g\u00f6nderimle son derece d\u00fc\u015f\u00fck fiyatlarla sat\u0131n alman\u0131z\u0131 \u00f6neririz. Ayr\u0131ca sipari\u015finizi ma\u011fazadan da teslim alabilirsiniz. ayn\u0131 g\u00fcn.<\/p>\t\t\t\t\t\t\t\t<\/div>\n\t\t\t\t\t<\/div>\n\t\t\t\t<\/div>\n\t\t<div class=\"elementor-element elementor-element-5f36caa e-flex e-con-boxed e-con e-parent\" data-id=\"5f36caa\" data-element_type=\"container\" data-e-type=\"container\">\n\t\t\t\t\t<div class=\"e-con-inner\">\n\t\t\t\t<div class=\"elementor-element elementor-element-28d5dfb elementor-widget elementor-widget-heading\" data-id=\"28d5dfb\" data-element_type=\"widget\" data-e-type=\"widget\" data-widget_type=\"heading.default\">\n\t\t\t\t\t<h2 class=\"elementor-heading-title elementor-size-default\">HEDEF\u0130M\u0130Z<\/h2>\t\t\t\t<\/div>\n\t\t\t\t<div class=\"elementor-element elementor-element-5eb4bdd elementor-widget elementor-widget-text-editor\" data-id=\"5eb4bdd\" data-element_type=\"widget\" data-e-type=\"widget\" data-widget_type=\"text-editor.default\">\n\t\t\t\t\t\t\t\t\t<p>1960 y\u0131l\u0131ndan\u00a0bug\u00fcne kadar gelmemimizi sa\u011flayan ;<strong> G\u00fcven<\/strong>, <strong>Kalite<\/strong> ve <strong>M\u00fc\u015fteri Memnuniyeti\u2019ni<\/strong>\u00a0sa\u011flamak markam\u0131z\u0131n hi\u00e7 de\u011fi\u015fmeyen hedefi olmaya devam edecektir.<\/p>\t\t\t\t\t\t\t\t<\/div>\n\t\t\t\t\t<\/div>\n\t\t\t\t<\/div>\n\t\t\t\t<\/div>\n\t\t","protected":false},"excerpt":{"rendered":"<p>B\u0130Z K\u0130M\u0130Z ? 1960 y\u0131l\u0131ndan bu g\u00fcne kadar kaliteden taviz vermeden m\u00fc\u015fterilerimize hizmet vermekteyiz. M\u00fcessesemizin yapt\u0131\u011f\u0131 son yeniliklerle imal etti\u011fi; SUN\u0130 MERMER KAROLARI, hizmetinize sunulmu\u015f olup, kalite ve \u00e7e\u015fit itibar\u0131 ile \u00fcst\u00fcn vas\u0131flar ta\u015f\u0131maktad\u0131r. Bu hizmetlerle birlikte, in\u015faatlar\u0131n\u0131z\u0131n t\u00fcm kaba malzeme ihtiya\u00e7lar\u0131n\u0131, ana bayiliklerimiz ve kendi imalatlar\u0131m\u0131z sayesinde, istenilen zamanda ve en uygun fiyatlarla in\u015faat\u0131n\u0131za [&hellip;]<\/p>\n","protected":false},"author":1,"featured_media":0,"parent":0,"menu_order":0,"comment_status":"closed","ping_status":"closed","template":"","meta":{"footnotes":""},"class_list":["post-10","page","type-page","status-publish","hentry"],"_links":{"self":[{"href":"https:\/\/celikcini.com\/index.php\/wp-json\/wp\/v2\/pages\/10","targetHints":{"allow":["GET"]}}],"collection":[{"href":"https:\/\/celikcini.com\/index.php\/wp-json\/wp\/v2\/pages"}],"about":[{"href":"https:\/\/celikcini.com\/index.php\/wp-json\/wp\/v2\/types\/page"}],"author":[{"embeddable":true,"href":"https:\/\/celikcini.com\/index.php\/wp-json\/wp\/v2\/users\/1"}],"replies":[{"embeddable":true,"href":"https:\/\/celikcini.com\/index.php\/wp-json\/wp\/v2\/comments?post=10"}],"version-history":[{"count":4,"href":"https:\/\/celikcini.com\/index.php\/wp-json\/wp\/v2\/pages\/10\/revisions"}],"predecessor-version":[{"id":61,"href":"https:\/\/celikcini.com\/index.php\/wp-json\/wp\/v2\/pages\/10\/revisions\/61"}],"wp:attachment":[{"href":"https:\/\/celikcini.com\/index.php\/wp-json\/wp\/v2\/media?parent=10"}],"curies":[{"name":"wp","href":"https:\/\/api.w.org\/{rel}","templated":true}]}}